{"id":76,"date":"2015-05-25T23:32:30","date_gmt":"2015-05-25T21:32:30","guid":{"rendered":"http:\/\/berglaufkunst.at\/?page_id=76"},"modified":"2024-07-11T09:54:11","modified_gmt":"2024-07-11T07:54:11","slug":"bibliografie","status":"publish","type":"page","link":"http:\/\/www.berglaufkunst.at\/?page_id=76","title":{"rendered":"Bibliografie"},"content":{"rendered":"\n<p><strong>B\u00fccher<\/strong><\/p>\n\n\n\n<p><strong>2022<\/strong> Lafnitz \u2013 Grenzfluss mit Geschichte und Geschichten, Verlag edition lex liszt 12, Oberwart<\/p>\n\n\n\n<p><strong>2019<\/strong> immer wieder taucht ein cowboy auf, Verlag edition lex liszt 12, Oberwart<\/p>\n\n\n\n<p><strong>2015<\/strong> fenster zu inneren Landschaften, Verlag edition lex liszt 12, Oberwart<\/p>\n\n\n\n<p><strong>1993<\/strong> Geschichten aus P., Verlag Nentwich-Lattner, Eisenstadt<\/p>\n\n\n\n<p><strong>1980<\/strong> das fleischwerdende wort, Verlag Nentwich-Lattner, Eisenstadt<\/p>\n\n\n\n<p><strong>Ver\u00f6ffentlichungen in Anthologien und Literaturzeitschriften (Auswahl)<\/strong><\/p>\n\n\n\n<p>2024 Vom Kommen und Gehen und von H\u00fchnerknochen, in: Alpha bis Omega, Hg. Karl Guttmann, Verlag edition lex liszt 12, Oberwart<\/p>\n\n\n\n<p>2017 eiszeit oder die geschichte der menschheit ist nur ein kleiner furz im vergleich zur erdgeschichte &amp; auch schon wieder vorbei, in: Lesen ab 10. Gedankenpl\u00e4tze. Hg. Verein Schule und Kultur beim Landesschulrat f\u00fcr Burgenland, Verlag edition lex liszt 12, Oberwart<\/p>\n\n\n\n<p>2017 ich falle, in: Dialog mit den Reichen und M\u00e4chtigen, Hg. Kinder- und Jugendanwaltschaft Burgenland, Eisenstadt<\/p>\n\n\n\n<p>2015 hexenkraut, in: Lesen ab 6. Im Lesenetz. Ein burgenl\u00e4ndisches Lesebuch f\u00fcr Volkssch\u00fcler, Verlag edition lex liszt 12, Oberwart<\/p>\n\n\n\n<p>2008 Weshalb Carolus Clusius von G\u00fcssing abreiste und Junggeselle blieb, in: Pannonien- Europa erlesen, Hg. Gerhard Altmann und Oliver Lehmann, Wieser Verlag, Klagenfurt<\/p>\n\n\n\n<p>1996 zigeunerwald, eine ann\u00e4herung an eine ausgel\u00f6schte heimat, in: Heimat, bist du\u2026?, Edition R\u00f6tzer, Eisenstadt<\/p>\n\n\n\n<p>1992 Die mutma\u00dfliche Ermordung der Lowariza Helena T\u00f6k\u00f6li, in: Gesicht des Widerspruchs, Hg. G\u00fcnther Unger, Edition Atelier, Wien<\/p>\n","protected":false},"excerpt":{"rendered":"<p>B\u00fccher 2022 Lafnitz \u2013 Grenzfluss mit Geschichte und Geschichten, Verlag edition lex liszt 12, Oberwart 2019 immer wieder taucht ein cowboy auf, Verlag edition lex liszt 12, Oberwart 2015 fenster zu inneren Landschaften, Verlag edition lex liszt 12, Oberwart 1993 Geschichten aus P., Verlag Nentwich-Lattner, Eisenstadt 1980 das fleischwerdende wort, Verlag Nentwich-Lattner, Eisenstadt Ver\u00f6ffentlichungen in [&hellip;]<\/p>\n","protected":false},"author":1,"featured_media":56,"parent":43,"menu_order":1,"comment_status":"closed","ping_status":"closed","template":"","meta":{"_mc_calendar":[],"footnotes":""},"class_list":["post-76","page","type-page","status-publish","has-post-thumbnail","hentry"],"_links":{"self":[{"href":"http:\/\/www.berglaufkunst.at\/index.php?rest_route=\/wp\/v2\/pages\/76"}],"collection":[{"href":"http:\/\/www.berglaufkunst.at\/index.php?rest_route=\/wp\/v2\/pages"}],"about":[{"href":"http:\/\/www.berglaufkunst.at\/index.php?rest_route=\/wp\/v2\/types\/page"}],"author":[{"embeddable":true,"href":"http:\/\/www.berglaufkunst.at\/index.php?rest_route=\/wp\/v2\/users\/1"}],"replies":[{"embeddable":true,"href":"http:\/\/www.berglaufkunst.at\/index.php?rest_route=%2Fwp%2Fv2%2Fcomments&post=76"}],"version-history":[{"count":9,"href":"http:\/\/www.berglaufkunst.at\/index.php?rest_route=\/wp\/v2\/pages\/76\/revisions"}],"predecessor-version":[{"id":262,"href":"http:\/\/www.berglaufkunst.at\/index.php?rest_route=\/wp\/v2\/pages\/76\/revisions\/262"}],"up":[{"embeddable":true,"href":"http:\/\/www.berglaufkunst.at\/index.php?rest_route=\/wp\/v2\/pages\/43"}],"wp:featuredmedia":[{"embeddable":true,"href":"http:\/\/www.berglaufkunst.at\/index.php?rest_route=\/wp\/v2\/media\/56"}],"wp:attachment":[{"href":"http:\/\/www.berglaufkunst.at\/index.php?rest_route=%2Fwp%2Fv2%2Fmedia&parent=76"}],"curies":[{"name":"wp","href":"https:\/\/api.w.org\/{rel}","templated":true}]}}