{"id":292,"date":"2024-07-16T10:43:12","date_gmt":"2024-07-16T08:43:12","guid":{"rendered":"http:\/\/www.berglaufkunst.at\/?page_id=292"},"modified":"2024-07-17T14:22:30","modified_gmt":"2024-07-17T12:22:30","slug":"zum-weiterlesen","status":"publish","type":"page","link":"http:\/\/www.berglaufkunst.at\/?page_id=292","title":{"rendered":"Zum Weiterlesen"},"content":{"rendered":"\n<p class=\"has-text-align-left\"><strong>heimat<\/strong><br>das<br>fenster<br>zur<br>inneren<br>landschaft<\/p>\n\n\n\n<p class=\"has-text-align-right\"><strong><a href=\"http:\/\/www.berglaufkunst.at\/?p=300\">weiterlesen<\/a><\/strong><\/p>\n\n\n\n<p><strong>fern<br>schmerz<\/strong><br>reiseeindr\u00fccke<\/p>\n\n\n\n<p class=\"has-text-align-right\"><a href=\"http:\/\/www.berglaufkunst.at\/?p=298\"><strong>weiterlesen<\/strong><\/a><\/p>\n\n\n\n<p><strong>blaue eier<\/strong><br>ostern 2012,<br>ein offener brief<\/p>\n\n\n\n<p class=\"has-text-align-right\"><a href=\"http:\/\/www.berglaufkunst.at\/?p=290\"><strong>weiterlesen<\/strong><\/a><\/p>\n\n\n\n<p><strong>zigeunerwald<\/strong><br>eine ann\u00e4herung an eine ausgel\u00f6schte heimat<\/p>\n\n\n\n<p class=\"has-text-align-right\"><strong><a href=\"http:\/\/www.berglaufkunst.at\/?p=285\">weiterlesen<\/a><\/strong><\/p>\n","protected":false},"excerpt":{"rendered":"<p>heimatdasfensterzurinnerenlandschaft weiterlesen fernschmerzreiseeindr\u00fccke weiterlesen blaue eierostern 2012,ein offener brief weiterlesen zigeunerwaldeine ann\u00e4herung an eine ausgel\u00f6schte heimat weiterlesen<\/p>\n","protected":false},"author":1,"featured_media":0,"parent":0,"menu_order":0,"comment_status":"closed","ping_status":"closed","template":"","meta":{"_mc_calendar":[],"footnotes":""},"class_list":["post-292","page","type-page","status-publish","hentry"],"_links":{"self":[{"href":"http:\/\/www.berglaufkunst.at\/index.php?rest_route=\/wp\/v2\/pages\/292"}],"collection":[{"href":"http:\/\/www.berglaufkunst.at\/index.php?rest_route=\/wp\/v2\/pages"}],"about":[{"href":"http:\/\/www.berglaufkunst.at\/index.php?rest_route=\/wp\/v2\/types\/page"}],"author":[{"embeddable":true,"href":"http:\/\/www.berglaufkunst.at\/index.php?rest_route=\/wp\/v2\/users\/1"}],"replies":[{"embeddable":true,"href":"http:\/\/www.berglaufkunst.at\/index.php?rest_route=%2Fwp%2Fv2%2Fcomments&post=292"}],"version-history":[{"count":5,"href":"http:\/\/www.berglaufkunst.at\/index.php?rest_route=\/wp\/v2\/pages\/292\/revisions"}],"predecessor-version":[{"id":306,"href":"http:\/\/www.berglaufkunst.at\/index.php?rest_route=\/wp\/v2\/pages\/292\/revisions\/306"}],"wp:attachment":[{"href":"http:\/\/www.berglaufkunst.at\/index.php?rest_route=%2Fwp%2Fv2%2Fmedia&parent=292"}],"curies":[{"name":"wp","href":"https:\/\/api.w.org\/{rel}","templated":true}]}}